{"id":102,"date":"2023-10-07T18:05:36","date_gmt":"2023-10-07T16:05:36","guid":{"rendered":"https:\/\/sitecoquelicot.fr\/?page_id=102"},"modified":"2023-10-09T17:17:39","modified_gmt":"2023-10-09T15:17:39","slug":"visite-guidee","status":"publish","type":"page","link":"https:\/\/sitecoquelicot.fr\/index.php\/visite-guidee\/","title":{"rendered":"Visite guid\u00e9e"},"content":{"rendered":"\n<h2 class=\"wp-block-heading\"><strong>Ext\u00e9rieurs<\/strong> : <\/h2>\n\n\n\n<figure class=\"wp-block-image size-large\"><img loading=\"lazy\" decoding=\"async\" width=\"1024\" height=\"768\" src=\"http:\/\/sitecoquelicot.fr\/wp-content\/uploads\/2023\/10\/poiii-1024x768.jpg\" alt=\"\" class=\"wp-image-267\" srcset=\"https:\/\/sitecoquelicot.fr\/wp-content\/uploads\/2023\/10\/poiii-1024x768.jpg 1024w, https:\/\/sitecoquelicot.fr\/wp-content\/uploads\/2023\/10\/poiii-300x225.jpg 300w, https:\/\/sitecoquelicot.fr\/wp-content\/uploads\/2023\/10\/poiii-768x576.jpg 768w, https:\/\/sitecoquelicot.fr\/wp-content\/uploads\/2023\/10\/poiii-1536x1152.jpg 1536w, https:\/\/sitecoquelicot.fr\/wp-content\/uploads\/2023\/10\/poiii-2048x1536.jpg 2048w\" sizes=\"auto, (max-width: 706px) 89vw, (max-width: 767px) 82vw, 740px\" \/><\/figure>\n\n\n\n<figure class=\"wp-block-gallery has-nested-images columns-default is-cropped wp-block-gallery-1 is-layout-flex wp-block-gallery-is-layout-flex\">\n<figure class=\"wp-block-image size-large\"><img loading=\"lazy\" decoding=\"async\" width=\"768\" height=\"1024\" data-id=\"268\" src=\"https:\/\/sitecoquelicot.fr\/wp-content\/uploads\/2023\/10\/789njfsed-768x1024.jpg\" alt=\"\" class=\"wp-image-268\" srcset=\"https:\/\/sitecoquelicot.fr\/wp-content\/uploads\/2023\/10\/789njfsed-768x1024.jpg 768w, https:\/\/sitecoquelicot.fr\/wp-content\/uploads\/2023\/10\/789njfsed-225x300.jpg 225w, https:\/\/sitecoquelicot.fr\/wp-content\/uploads\/2023\/10\/789njfsed-1152x1536.jpg 1152w, https:\/\/sitecoquelicot.fr\/wp-content\/uploads\/2023\/10\/789njfsed-1536x2048.jpg 1536w, https:\/\/sitecoquelicot.fr\/wp-content\/uploads\/2023\/10\/789njfsed-scaled.jpg 1920w\" sizes=\"auto, (max-width: 706px) 89vw, (max-width: 767px) 82vw, 740px\" \/><\/figure>\n\n\n\n<figure class=\"wp-block-image size-large\"><img loading=\"lazy\" decoding=\"async\" width=\"768\" height=\"1024\" data-id=\"266\" src=\"https:\/\/sitecoquelicot.fr\/wp-content\/uploads\/2023\/10\/123555kjh-768x1024.jpg\" alt=\"\" class=\"wp-image-266\" srcset=\"https:\/\/sitecoquelicot.fr\/wp-content\/uploads\/2023\/10\/123555kjh-768x1024.jpg 768w, https:\/\/sitecoquelicot.fr\/wp-content\/uploads\/2023\/10\/123555kjh-225x300.jpg 225w, https:\/\/sitecoquelicot.fr\/wp-content\/uploads\/2023\/10\/123555kjh-1152x1536.jpg 1152w, https:\/\/sitecoquelicot.fr\/wp-content\/uploads\/2023\/10\/123555kjh-1536x2048.jpg 1536w, https:\/\/sitecoquelicot.fr\/wp-content\/uploads\/2023\/10\/123555kjh-scaled.jpg 1920w\" sizes=\"auto, (max-width: 706px) 89vw, (max-width: 767px) 82vw, 740px\" \/><\/figure>\n<\/figure>\n\n\n\n<h2 class=\"wp-block-heading\"><strong>Rez-de-Chauss\u00e9e : <\/strong><\/h2>\n\n\n\n<figure class=\"wp-block-gallery has-nested-images columns-default is-cropped wp-block-gallery-2 is-layout-flex wp-block-gallery-is-layout-flex\">\n<figure class=\"wp-block-image size-large\"><img loading=\"lazy\" decoding=\"async\" width=\"1024\" height=\"768\" data-id=\"271\" src=\"https:\/\/sitecoquelicot.fr\/wp-content\/uploads\/2023\/10\/azercxfdgxs-1024x768.jpg\" alt=\"\" class=\"wp-image-271\" srcset=\"https:\/\/sitecoquelicot.fr\/wp-content\/uploads\/2023\/10\/azercxfdgxs-1024x768.jpg 1024w, https:\/\/sitecoquelicot.fr\/wp-content\/uploads\/2023\/10\/azercxfdgxs-300x225.jpg 300w, https:\/\/sitecoquelicot.fr\/wp-content\/uploads\/2023\/10\/azercxfdgxs-768x576.jpg 768w, https:\/\/sitecoquelicot.fr\/wp-content\/uploads\/2023\/10\/azercxfdgxs-1536x1152.jpg 1536w, https:\/\/sitecoquelicot.fr\/wp-content\/uploads\/2023\/10\/azercxfdgxs-2048x1536.jpg 2048w\" sizes=\"auto, (max-width: 706px) 89vw, (max-width: 767px) 82vw, 740px\" \/><\/figure>\n\n\n\n<figure class=\"wp-block-image size-large\"><img loading=\"lazy\" decoding=\"async\" width=\"1024\" height=\"768\" data-id=\"270\" src=\"https:\/\/sitecoquelicot.fr\/wp-content\/uploads\/2023\/10\/gvtydrtg-1024x768.jpg\" alt=\"\" class=\"wp-image-270\" srcset=\"https:\/\/sitecoquelicot.fr\/wp-content\/uploads\/2023\/10\/gvtydrtg-1024x768.jpg 1024w, https:\/\/sitecoquelicot.fr\/wp-content\/uploads\/2023\/10\/gvtydrtg-300x225.jpg 300w, https:\/\/sitecoquelicot.fr\/wp-content\/uploads\/2023\/10\/gvtydrtg-768x576.jpg 768w, https:\/\/sitecoquelicot.fr\/wp-content\/uploads\/2023\/10\/gvtydrtg-1536x1152.jpg 1536w, https:\/\/sitecoquelicot.fr\/wp-content\/uploads\/2023\/10\/gvtydrtg-2048x1536.jpg 2048w\" sizes=\"auto, (max-width: 706px) 89vw, (max-width: 767px) 82vw, 740px\" \/><\/figure>\n<\/figure>\n\n\n\n<figure class=\"wp-block-gallery has-nested-images columns-default is-cropped wp-block-gallery-3 is-layout-flex wp-block-gallery-is-layout-flex\">\n<figure class=\"wp-block-image size-large\"><img loading=\"lazy\" decoding=\"async\" width=\"1024\" height=\"768\" data-id=\"269\" src=\"https:\/\/sitecoquelicot.fr\/wp-content\/uploads\/2023\/10\/1542hjdfefsf-1024x768.jpg\" alt=\"\" class=\"wp-image-269\" srcset=\"https:\/\/sitecoquelicot.fr\/wp-content\/uploads\/2023\/10\/1542hjdfefsf-1024x768.jpg 1024w, https:\/\/sitecoquelicot.fr\/wp-content\/uploads\/2023\/10\/1542hjdfefsf-300x225.jpg 300w, https:\/\/sitecoquelicot.fr\/wp-content\/uploads\/2023\/10\/1542hjdfefsf-768x576.jpg 768w, https:\/\/sitecoquelicot.fr\/wp-content\/uploads\/2023\/10\/1542hjdfefsf-1536x1152.jpg 1536w, https:\/\/sitecoquelicot.fr\/wp-content\/uploads\/2023\/10\/1542hjdfefsf-2048x1536.jpg 2048w\" sizes=\"auto, (max-width: 706px) 89vw, (max-width: 767px) 82vw, 740px\" \/><\/figure>\n<\/figure>\n\n\n\n<h2 class=\"wp-block-heading\"><strong>1er \u00e9tage : <\/strong><\/h2>\n\n\n\n<figure class=\"wp-block-image size-large\"><img loading=\"lazy\" decoding=\"async\" width=\"768\" height=\"1024\" src=\"http:\/\/sitecoquelicot.fr\/wp-content\/uploads\/2023\/10\/hdeszderfg-768x1024.jpg\" alt=\"\" class=\"wp-image-180\" srcset=\"https:\/\/sitecoquelicot.fr\/wp-content\/uploads\/2023\/10\/hdeszderfg-768x1024.jpg 768w, https:\/\/sitecoquelicot.fr\/wp-content\/uploads\/2023\/10\/hdeszderfg-225x300.jpg 225w, https:\/\/sitecoquelicot.fr\/wp-content\/uploads\/2023\/10\/hdeszderfg-1152x1536.jpg 1152w, https:\/\/sitecoquelicot.fr\/wp-content\/uploads\/2023\/10\/hdeszderfg-1536x2048.jpg 1536w, https:\/\/sitecoquelicot.fr\/wp-content\/uploads\/2023\/10\/hdeszderfg-scaled.jpg 1920w\" sizes=\"auto, (max-width: 706px) 89vw, (max-width: 767px) 82vw, 740px\" \/><\/figure>\n\n\n\n<figure class=\"wp-block-image size-large\"><img loading=\"lazy\" decoding=\"async\" width=\"1024\" height=\"768\" src=\"http:\/\/sitecoquelicot.fr\/wp-content\/uploads\/2023\/10\/122223-1024x768.jpg\" alt=\"\" class=\"wp-image-91\" srcset=\"https:\/\/sitecoquelicot.fr\/wp-content\/uploads\/2023\/10\/122223-1024x768.jpg 1024w, https:\/\/sitecoquelicot.fr\/wp-content\/uploads\/2023\/10\/122223-300x225.jpg 300w, https:\/\/sitecoquelicot.fr\/wp-content\/uploads\/2023\/10\/122223-768x576.jpg 768w, https:\/\/sitecoquelicot.fr\/wp-content\/uploads\/2023\/10\/122223-1536x1152.jpg 1536w, https:\/\/sitecoquelicot.fr\/wp-content\/uploads\/2023\/10\/122223.jpg 1600w\" sizes=\"auto, (max-width: 706px) 89vw, (max-width: 767px) 82vw, 740px\" \/><\/figure>\n\n\n\n<figure class=\"wp-block-gallery has-nested-images columns-default is-cropped wp-block-gallery-4 is-layout-flex wp-block-gallery-is-layout-flex\">\n<figure class=\"wp-block-image size-large\"><img loading=\"lazy\" decoding=\"async\" width=\"768\" height=\"1024\" data-id=\"95\" src=\"https:\/\/sitecoquelicot.fr\/wp-content\/uploads\/2023\/10\/877-768x1024.jpg\" alt=\"\" class=\"wp-image-95\" srcset=\"https:\/\/sitecoquelicot.fr\/wp-content\/uploads\/2023\/10\/877-768x1024.jpg 768w, https:\/\/sitecoquelicot.fr\/wp-content\/uploads\/2023\/10\/877-225x300.jpg 225w, https:\/\/sitecoquelicot.fr\/wp-content\/uploads\/2023\/10\/877-1152x1536.jpg 1152w, https:\/\/sitecoquelicot.fr\/wp-content\/uploads\/2023\/10\/877.jpg 1200w\" sizes=\"auto, (max-width: 706px) 89vw, (max-width: 767px) 82vw, 740px\" \/><\/figure>\n\n\n\n<figure class=\"wp-block-image size-large\"><img loading=\"lazy\" decoding=\"async\" width=\"768\" height=\"1024\" data-id=\"94\" src=\"https:\/\/sitecoquelicot.fr\/wp-content\/uploads\/2023\/10\/123-768x1024.jpg\" alt=\"\" class=\"wp-image-94\" srcset=\"https:\/\/sitecoquelicot.fr\/wp-content\/uploads\/2023\/10\/123-768x1024.jpg 768w, https:\/\/sitecoquelicot.fr\/wp-content\/uploads\/2023\/10\/123-225x300.jpg 225w, https:\/\/sitecoquelicot.fr\/wp-content\/uploads\/2023\/10\/123-1152x1536.jpg 1152w, https:\/\/sitecoquelicot.fr\/wp-content\/uploads\/2023\/10\/123.jpg 1200w\" sizes=\"auto, (max-width: 706px) 89vw, (max-width: 767px) 82vw, 740px\" \/><\/figure>\n\n\n\n<figure class=\"wp-block-image size-large\"><img loading=\"lazy\" decoding=\"async\" width=\"768\" height=\"1024\" data-id=\"92\" src=\"https:\/\/sitecoquelicot.fr\/wp-content\/uploads\/2023\/10\/654-768x1024.jpg\" alt=\"\" class=\"wp-image-92\" srcset=\"https:\/\/sitecoquelicot.fr\/wp-content\/uploads\/2023\/10\/654-768x1024.jpg 768w, https:\/\/sitecoquelicot.fr\/wp-content\/uploads\/2023\/10\/654-225x300.jpg 225w, https:\/\/sitecoquelicot.fr\/wp-content\/uploads\/2023\/10\/654-1152x1536.jpg 1152w, https:\/\/sitecoquelicot.fr\/wp-content\/uploads\/2023\/10\/654.jpg 1200w\" sizes=\"auto, (max-width: 706px) 89vw, (max-width: 767px) 82vw, 740px\" \/><\/figure>\n<\/figure>\n\n\n\n<figure class=\"wp-block-gallery has-nested-images columns-default is-cropped wp-block-gallery-5 is-layout-flex wp-block-gallery-is-layout-flex\">\n<figure class=\"wp-block-image size-large\"><img loading=\"lazy\" decoding=\"async\" width=\"1024\" height=\"768\" data-id=\"90\" src=\"https:\/\/sitecoquelicot.fr\/wp-content\/uploads\/2023\/10\/65-1024x768.jpg\" alt=\"\" class=\"wp-image-90\" srcset=\"https:\/\/sitecoquelicot.fr\/wp-content\/uploads\/2023\/10\/65-1024x768.jpg 1024w, https:\/\/sitecoquelicot.fr\/wp-content\/uploads\/2023\/10\/65-300x225.jpg 300w, https:\/\/sitecoquelicot.fr\/wp-content\/uploads\/2023\/10\/65-768x576.jpg 768w, https:\/\/sitecoquelicot.fr\/wp-content\/uploads\/2023\/10\/65-1536x1152.jpg 1536w, https:\/\/sitecoquelicot.fr\/wp-content\/uploads\/2023\/10\/65.jpg 1600w\" sizes=\"auto, (max-width: 706px) 89vw, (max-width: 767px) 82vw, 740px\" \/><\/figure>\n\n\n\n<figure class=\"wp-block-image size-large\"><img loading=\"lazy\" decoding=\"async\" width=\"1024\" height=\"768\" data-id=\"93\" src=\"https:\/\/sitecoquelicot.fr\/wp-content\/uploads\/2023\/10\/5478-1024x768.jpg\" alt=\"\" class=\"wp-image-93\" srcset=\"https:\/\/sitecoquelicot.fr\/wp-content\/uploads\/2023\/10\/5478-1024x768.jpg 1024w, https:\/\/sitecoquelicot.fr\/wp-content\/uploads\/2023\/10\/5478-300x225.jpg 300w, https:\/\/sitecoquelicot.fr\/wp-content\/uploads\/2023\/10\/5478-768x576.jpg 768w, https:\/\/sitecoquelicot.fr\/wp-content\/uploads\/2023\/10\/5478-1536x1152.jpg 1536w, https:\/\/sitecoquelicot.fr\/wp-content\/uploads\/2023\/10\/5478.jpg 1600w\" sizes=\"auto, (max-width: 706px) 89vw, (max-width: 767px) 82vw, 740px\" \/><\/figure>\n<\/figure>\n\n\n\n<figure class=\"wp-block-gallery has-nested-images columns-default is-cropped wp-block-gallery-6 is-layout-flex wp-block-gallery-is-layout-flex\">\n<figure class=\"wp-block-image size-large\"><img loading=\"lazy\" decoding=\"async\" width=\"768\" height=\"1024\" data-id=\"98\" src=\"https:\/\/sitecoquelicot.fr\/wp-content\/uploads\/2023\/10\/6322-768x1024.jpg\" alt=\"\" class=\"wp-image-98\" srcset=\"https:\/\/sitecoquelicot.fr\/wp-content\/uploads\/2023\/10\/6322-768x1024.jpg 768w, https:\/\/sitecoquelicot.fr\/wp-content\/uploads\/2023\/10\/6322-225x300.jpg 225w, https:\/\/sitecoquelicot.fr\/wp-content\/uploads\/2023\/10\/6322-1152x1536.jpg 1152w, https:\/\/sitecoquelicot.fr\/wp-content\/uploads\/2023\/10\/6322.jpg 1200w\" sizes=\"auto, (max-width: 706px) 89vw, (max-width: 767px) 82vw, 740px\" \/><\/figure>\n<\/figure>\n\n\n\n<figure class=\"wp-block-gallery has-nested-images columns-default is-cropped wp-block-gallery-7 is-layout-flex wp-block-gallery-is-layout-flex\">\n<figure class=\"wp-block-image size-large\"><img loading=\"lazy\" decoding=\"async\" width=\"768\" height=\"1024\" data-id=\"96\" src=\"https:\/\/sitecoquelicot.fr\/wp-content\/uploads\/2023\/10\/234-768x1024.jpg\" alt=\"\" class=\"wp-image-96\" srcset=\"https:\/\/sitecoquelicot.fr\/wp-content\/uploads\/2023\/10\/234-768x1024.jpg 768w, https:\/\/sitecoquelicot.fr\/wp-content\/uploads\/2023\/10\/234-225x300.jpg 225w, https:\/\/sitecoquelicot.fr\/wp-content\/uploads\/2023\/10\/234-1152x1536.jpg 1152w, https:\/\/sitecoquelicot.fr\/wp-content\/uploads\/2023\/10\/234.jpg 1200w\" sizes=\"auto, (max-width: 706px) 89vw, (max-width: 767px) 82vw, 740px\" \/><\/figure>\n\n\n\n<figure class=\"wp-block-image size-large\"><img loading=\"lazy\" decoding=\"async\" width=\"1024\" height=\"768\" data-id=\"101\" src=\"https:\/\/sitecoquelicot.fr\/wp-content\/uploads\/2023\/10\/456-1024x768.jpg\" alt=\"\" class=\"wp-image-101\" srcset=\"https:\/\/sitecoquelicot.fr\/wp-content\/uploads\/2023\/10\/456-1024x768.jpg 1024w, https:\/\/sitecoquelicot.fr\/wp-content\/uploads\/2023\/10\/456-300x225.jpg 300w, https:\/\/sitecoquelicot.fr\/wp-content\/uploads\/2023\/10\/456-768x576.jpg 768w, https:\/\/sitecoquelicot.fr\/wp-content\/uploads\/2023\/10\/456-1536x1152.jpg 1536w, https:\/\/sitecoquelicot.fr\/wp-content\/uploads\/2023\/10\/456.jpg 1600w\" sizes=\"auto, (max-width: 706px) 89vw, (max-width: 767px) 82vw, 740px\" \/><\/figure>\n\n\n\n<figure class=\"wp-block-image size-large\"><img loading=\"lazy\" decoding=\"async\" width=\"768\" height=\"1024\" data-id=\"99\" src=\"https:\/\/sitecoquelicot.fr\/wp-content\/uploads\/2023\/10\/6325-768x1024.jpg\" alt=\"\" class=\"wp-image-99\" srcset=\"https:\/\/sitecoquelicot.fr\/wp-content\/uploads\/2023\/10\/6325-768x1024.jpg 768w, https:\/\/sitecoquelicot.fr\/wp-content\/uploads\/2023\/10\/6325-225x300.jpg 225w, https:\/\/sitecoquelicot.fr\/wp-content\/uploads\/2023\/10\/6325-1152x1536.jpg 1152w, https:\/\/sitecoquelicot.fr\/wp-content\/uploads\/2023\/10\/6325.jpg 1200w\" sizes=\"auto, (max-width: 706px) 89vw, (max-width: 767px) 82vw, 740px\" \/><\/figure>\n<\/figure>\n","protected":false},"excerpt":{"rendered":"<p>Ext\u00e9rieurs : Rez-de-Chauss\u00e9e : 1er \u00e9tage :<\/p>\n","protected":false},"author":1,"featured_media":0,"parent":0,"menu_order":0,"comment_status":"closed","ping_status":"closed","template":"","meta":{"footnotes":""},"class_list":["post-102","page","type-page","status-publish","hentry"],"_links":{"self":[{"href":"https:\/\/sitecoquelicot.fr\/index.php\/wp-json\/wp\/v2\/pages\/102","targetHints":{"allow":["GET"]}}],"collection":[{"href":"https:\/\/sitecoquelicot.fr\/index.php\/wp-json\/wp\/v2\/pages"}],"about":[{"href":"https:\/\/sitecoquelicot.fr\/index.php\/wp-json\/wp\/v2\/types\/page"}],"author":[{"embeddable":true,"href":"https:\/\/sitecoquelicot.fr\/index.php\/wp-json\/wp\/v2\/users\/1"}],"replies":[{"embeddable":true,"href":"https:\/\/sitecoquelicot.fr\/index.php\/wp-json\/wp\/v2\/comments?post=102"}],"version-history":[{"count":7,"href":"https:\/\/sitecoquelicot.fr\/index.php\/wp-json\/wp\/v2\/pages\/102\/revisions"}],"predecessor-version":[{"id":272,"href":"https:\/\/sitecoquelicot.fr\/index.php\/wp-json\/wp\/v2\/pages\/102\/revisions\/272"}],"wp:attachment":[{"href":"https:\/\/sitecoquelicot.fr\/index.php\/wp-json\/wp\/v2\/media?parent=102"}],"curies":[{"name":"wp","href":"https:\/\/api.w.org\/{rel}","templated":true}]}}