{"id":117,"date":"2023-10-07T18:23:03","date_gmt":"2023-10-07T16:23:03","guid":{"rendered":"https:\/\/sitecoquelicot.fr\/?page_id=117"},"modified":"2026-03-03T11:39:48","modified_gmt":"2026-03-03T10:39:48","slug":"bureau-a-la-journee","status":"publish","type":"page","link":"https:\/\/sitecoquelicot.fr\/index.php\/bureau-a-la-journee\/","title":{"rendered":"Espace de coworking en location modulaire"},"content":{"rendered":"\n<figure class=\"wp-block-image size-full\"><img loading=\"lazy\" decoding=\"async\" width=\"886\" height=\"882\" src=\"https:\/\/sitecoquelicot.fr\/wp-content\/uploads\/2023\/10\/image.png\" alt=\"\" class=\"wp-image-126\" srcset=\"https:\/\/sitecoquelicot.fr\/wp-content\/uploads\/2023\/10\/image.png 886w, https:\/\/sitecoquelicot.fr\/wp-content\/uploads\/2023\/10\/image-300x300.png 300w, https:\/\/sitecoquelicot.fr\/wp-content\/uploads\/2023\/10\/image-150x150.png 150w, https:\/\/sitecoquelicot.fr\/wp-content\/uploads\/2023\/10\/image-768x765.png 768w, https:\/\/sitecoquelicot.fr\/wp-content\/uploads\/2023\/10\/image-100x100.png 100w\" sizes=\"auto, (max-width: 706px) 89vw, (max-width: 767px) 82vw, 740px\" \/><\/figure>\n\n\n\n<p><strong>NOUVEAU !!!!!<\/strong><\/p>\n\n\n\n<p>Bureau \u00e0 louer \u00e0 la journ\u00e9e, \u00e0 la semaine ou au mois sur Audincourt.<br>Installez-vous dans ce bureau meubl\u00e9 et d\u00e9cor\u00e9. <\/p>\n\n\n\n<p>Profitez de nos formules modulables et sur mesure. <\/p>\n\n\n\n<p>Id\u00e9al pour d\u00e9velopper votre activit\u00e9 en toute flexibilit\u00e9 ou simplement profiter d&#8217; un espace de travail au calme. Tr\u00e8s bonne alternative au bail classique. <\/p>\n\n\n\n<p>+ d\u2019infos au 06 50 29 87 75\u00a0 ou 06 61 10 61 79 ou sallecoquelicot25@gmail.com<\/p>\n\n\n\n<figure class=\"wp-block-gallery has-nested-images columns-default is-cropped wp-block-gallery-1 is-layout-flex wp-block-gallery-is-layout-flex\">\n<figure class=\"wp-block-image size-large\"><img loading=\"lazy\" decoding=\"async\" width=\"1024\" height=\"768\" data-id=\"261\" src=\"https:\/\/sitecoquelicot.fr\/wp-content\/uploads\/2023\/10\/4758nhbgfdrtes-1024x768.jpg\" alt=\"\" class=\"wp-image-261\" srcset=\"https:\/\/sitecoquelicot.fr\/wp-content\/uploads\/2023\/10\/4758nhbgfdrtes-1024x768.jpg 1024w, https:\/\/sitecoquelicot.fr\/wp-content\/uploads\/2023\/10\/4758nhbgfdrtes-300x225.jpg 300w, https:\/\/sitecoquelicot.fr\/wp-content\/uploads\/2023\/10\/4758nhbgfdrtes-768x576.jpg 768w, https:\/\/sitecoquelicot.fr\/wp-content\/uploads\/2023\/10\/4758nhbgfdrtes-1536x1152.jpg 1536w, https:\/\/sitecoquelicot.fr\/wp-content\/uploads\/2023\/10\/4758nhbgfdrtes-2048x1536.jpg 2048w\" sizes=\"auto, (max-width: 706px) 89vw, (max-width: 767px) 82vw, 740px\" \/><\/figure>\n\n\n\n<figure class=\"wp-block-image size-large\"><img loading=\"lazy\" decoding=\"async\" width=\"1024\" height=\"768\" data-id=\"262\" src=\"https:\/\/sitecoquelicot.fr\/wp-content\/uploads\/2023\/10\/48nhjfdrt-1024x768.jpg\" alt=\"\" class=\"wp-image-262\" srcset=\"https:\/\/sitecoquelicot.fr\/wp-content\/uploads\/2023\/10\/48nhjfdrt-1024x768.jpg 1024w, https:\/\/sitecoquelicot.fr\/wp-content\/uploads\/2023\/10\/48nhjfdrt-300x225.jpg 300w, https:\/\/sitecoquelicot.fr\/wp-content\/uploads\/2023\/10\/48nhjfdrt-768x576.jpg 768w, https:\/\/sitecoquelicot.fr\/wp-content\/uploads\/2023\/10\/48nhjfdrt-1536x1152.jpg 1536w, https:\/\/sitecoquelicot.fr\/wp-content\/uploads\/2023\/10\/48nhjfdrt-2048x1536.jpg 2048w\" sizes=\"auto, (max-width: 706px) 89vw, (max-width: 767px) 82vw, 740px\" \/><\/figure>\n\n\n\n<figure class=\"wp-block-image size-large\"><img loading=\"lazy\" decoding=\"async\" width=\"1024\" height=\"768\" data-id=\"259\" src=\"https:\/\/sitecoquelicot.fr\/wp-content\/uploads\/2023\/10\/sxzreser-1024x768.jpg\" alt=\"\" class=\"wp-image-259\" srcset=\"https:\/\/sitecoquelicot.fr\/wp-content\/uploads\/2023\/10\/sxzreser-1024x768.jpg 1024w, https:\/\/sitecoquelicot.fr\/wp-content\/uploads\/2023\/10\/sxzreser-300x225.jpg 300w, https:\/\/sitecoquelicot.fr\/wp-content\/uploads\/2023\/10\/sxzreser-768x576.jpg 768w, https:\/\/sitecoquelicot.fr\/wp-content\/uploads\/2023\/10\/sxzreser-1536x1152.jpg 1536w, https:\/\/sitecoquelicot.fr\/wp-content\/uploads\/2023\/10\/sxzreser-2048x1536.jpg 2048w\" sizes=\"auto, (max-width: 706px) 89vw, (max-width: 767px) 82vw, 740px\" \/><\/figure>\n\n\n\n<figure class=\"wp-block-image size-large\"><img loading=\"lazy\" decoding=\"async\" width=\"1024\" height=\"768\" data-id=\"263\" src=\"https:\/\/sitecoquelicot.fr\/wp-content\/uploads\/2023\/10\/1456bhyjftr-1-1024x768.jpg\" alt=\"\" class=\"wp-image-263\" srcset=\"https:\/\/sitecoquelicot.fr\/wp-content\/uploads\/2023\/10\/1456bhyjftr-1-1024x768.jpg 1024w, https:\/\/sitecoquelicot.fr\/wp-content\/uploads\/2023\/10\/1456bhyjftr-1-300x225.jpg 300w, https:\/\/sitecoquelicot.fr\/wp-content\/uploads\/2023\/10\/1456bhyjftr-1-768x576.jpg 768w, https:\/\/sitecoquelicot.fr\/wp-content\/uploads\/2023\/10\/1456bhyjftr-1-1536x1152.jpg 1536w, https:\/\/sitecoquelicot.fr\/wp-content\/uploads\/2023\/10\/1456bhyjftr-1-2048x1536.jpg 2048w\" sizes=\"auto, (max-width: 706px) 89vw, (max-width: 767px) 82vw, 740px\" \/><\/figure>\n<\/figure>\n","protected":false},"excerpt":{"rendered":"<p>NOUVEAU !!!!! Bureau \u00e0 louer \u00e0 la journ\u00e9e, \u00e0 la semaine ou au mois sur Audincourt.Installez-vous dans ce bureau meubl\u00e9 et d\u00e9cor\u00e9. Profitez de nos formules modulables et sur mesure. Id\u00e9al pour d\u00e9velopper votre activit\u00e9 en toute flexibilit\u00e9 ou simplement profiter d&#8217; un espace de travail au calme. Tr\u00e8s bonne alternative au bail classique. + &hellip; <\/p>\n<p class=\"link-more\"><a href=\"https:\/\/sitecoquelicot.fr\/index.php\/bureau-a-la-journee\/\" class=\"more-link\">Continue reading<span class=\"screen-reader-text\"> &#8220;Espace de coworking en location modulaire&#8221;<\/span><\/a><\/p>\n","protected":false},"author":1,"featured_media":0,"parent":0,"menu_order":0,"comment_status":"closed","ping_status":"closed","template":"","meta":{"footnotes":""},"class_list":["post-117","page","type-page","status-publish","hentry"],"_links":{"self":[{"href":"https:\/\/sitecoquelicot.fr\/index.php\/wp-json\/wp\/v2\/pages\/117","targetHints":{"allow":["GET"]}}],"collection":[{"href":"https:\/\/sitecoquelicot.fr\/index.php\/wp-json\/wp\/v2\/pages"}],"about":[{"href":"https:\/\/sitecoquelicot.fr\/index.php\/wp-json\/wp\/v2\/types\/page"}],"author":[{"embeddable":true,"href":"https:\/\/sitecoquelicot.fr\/index.php\/wp-json\/wp\/v2\/users\/1"}],"replies":[{"embeddable":true,"href":"https:\/\/sitecoquelicot.fr\/index.php\/wp-json\/wp\/v2\/comments?post=117"}],"version-history":[{"count":7,"href":"https:\/\/sitecoquelicot.fr\/index.php\/wp-json\/wp\/v2\/pages\/117\/revisions"}],"predecessor-version":[{"id":349,"href":"https:\/\/sitecoquelicot.fr\/index.php\/wp-json\/wp\/v2\/pages\/117\/revisions\/349"}],"wp:attachment":[{"href":"https:\/\/sitecoquelicot.fr\/index.php\/wp-json\/wp\/v2\/media?parent=117"}],"curies":[{"name":"wp","href":"https:\/\/api.w.org\/{rel}","templated":true}]}}