{"id":12,"date":"2023-10-03T13:06:43","date_gmt":"2023-10-03T11:06:43","guid":{"rendered":"http:\/\/sitecoquelicot.fr\/?page_id=12"},"modified":"2026-03-03T11:39:11","modified_gmt":"2026-03-03T10:39:11","slug":"contact","status":"publish","type":"page","link":"https:\/\/sitecoquelicot.fr\/index.php\/contact\/","title":{"rendered":"Salle de r\u00e9ception"},"content":{"rendered":"\n<p>Infos &amp; r\u00e9servations : 06 61 10 61 79 ou 06 50 29 87 75 ou sallecoquelicot25@gmail.com<\/p>\n\n\n\n<figure class=\"wp-block-image size-full\"><img loading=\"lazy\" decoding=\"async\" width=\"540\" height=\"540\" src=\"http:\/\/sitecoquelicot.fr\/wp-content\/uploads\/2023\/10\/dcezhjlk.jpg\" alt=\"\" class=\"wp-image-177\" srcset=\"https:\/\/sitecoquelicot.fr\/wp-content\/uploads\/2023\/10\/dcezhjlk.jpg 540w, https:\/\/sitecoquelicot.fr\/wp-content\/uploads\/2023\/10\/dcezhjlk-300x300.jpg 300w, https:\/\/sitecoquelicot.fr\/wp-content\/uploads\/2023\/10\/dcezhjlk-150x150.jpg 150w, https:\/\/sitecoquelicot.fr\/wp-content\/uploads\/2023\/10\/dcezhjlk-100x100.jpg 100w\" sizes=\"auto, (max-width: 540px) 100vw, 540px\" \/><\/figure>\n\n\n\n<figure class=\"wp-block-image size-full\"><img loading=\"lazy\" decoding=\"async\" width=\"540\" height=\"540\" src=\"http:\/\/sitecoquelicot.fr\/wp-content\/uploads\/2023\/10\/xsdf5254.jpg\" alt=\"\" class=\"wp-image-190\" srcset=\"https:\/\/sitecoquelicot.fr\/wp-content\/uploads\/2023\/10\/xsdf5254.jpg 540w, https:\/\/sitecoquelicot.fr\/wp-content\/uploads\/2023\/10\/xsdf5254-300x300.jpg 300w, https:\/\/sitecoquelicot.fr\/wp-content\/uploads\/2023\/10\/xsdf5254-150x150.jpg 150w, https:\/\/sitecoquelicot.fr\/wp-content\/uploads\/2023\/10\/xsdf5254-100x100.jpg 100w\" sizes=\"auto, (max-width: 540px) 100vw, 540px\" \/><\/figure>\n\n\n\n<figure class=\"wp-block-image size-full\"><img loading=\"lazy\" decoding=\"async\" width=\"887\" height=\"875\" src=\"https:\/\/sitecoquelicot.fr\/wp-content\/uploads\/2023\/10\/image-10.png\" alt=\"\" class=\"wp-image-141\" srcset=\"https:\/\/sitecoquelicot.fr\/wp-content\/uploads\/2023\/10\/image-10.png 887w, https:\/\/sitecoquelicot.fr\/wp-content\/uploads\/2023\/10\/image-10-300x296.png 300w, https:\/\/sitecoquelicot.fr\/wp-content\/uploads\/2023\/10\/image-10-768x758.png 768w, https:\/\/sitecoquelicot.fr\/wp-content\/uploads\/2023\/10\/image-10-100x100.png 100w\" sizes=\"auto, (max-width: 706px) 89vw, (max-width: 767px) 82vw, 740px\" \/><\/figure>\n\n\n\n<figure class=\"wp-block-gallery has-nested-images columns-default is-cropped wp-block-gallery-1 is-layout-flex wp-block-gallery-is-layout-flex\">\n<figure class=\"wp-block-image size-large\"><img loading=\"lazy\" decoding=\"async\" width=\"768\" height=\"1024\" data-id=\"189\" src=\"https:\/\/sitecoquelicot.fr\/wp-content\/uploads\/2023\/10\/vghyfvgn.jpg\" alt=\"\" class=\"wp-image-189\" srcset=\"https:\/\/sitecoquelicot.fr\/wp-content\/uploads\/2023\/10\/vghyfvgn.jpg 768w, https:\/\/sitecoquelicot.fr\/wp-content\/uploads\/2023\/10\/vghyfvgn-225x300.jpg 225w\" sizes=\"auto, (max-width: 706px) 89vw, (max-width: 767px) 82vw, 740px\" \/><\/figure>\n\n\n\n<figure class=\"wp-block-image size-large\"><img loading=\"lazy\" decoding=\"async\" width=\"2560\" height=\"1920\" data-id=\"186\" src=\"https:\/\/sitecoquelicot.fr\/wp-content\/uploads\/2023\/10\/khbdw-scaled.jpg\" alt=\"\" class=\"wp-image-186\" srcset=\"https:\/\/sitecoquelicot.fr\/wp-content\/uploads\/2023\/10\/khbdw-scaled.jpg 2560w, https:\/\/sitecoquelicot.fr\/wp-content\/uploads\/2023\/10\/khbdw-300x225.jpg 300w\" sizes=\"auto, (max-width: 706px) 89vw, (max-width: 767px) 82vw, 740px\" \/><\/figure>\n\n\n\n<figure class=\"wp-block-image size-full\"><img loading=\"lazy\" decoding=\"async\" width=\"768\" height=\"1024\" data-id=\"183\" src=\"http:\/\/sitecoquelicot.fr\/wp-content\/uploads\/2023\/10\/huijgyu.jpg\" alt=\"\" class=\"wp-image-183\" srcset=\"https:\/\/sitecoquelicot.fr\/wp-content\/uploads\/2023\/10\/huijgyu.jpg 768w, https:\/\/sitecoquelicot.fr\/wp-content\/uploads\/2023\/10\/huijgyu-225x300.jpg 225w\" sizes=\"auto, (max-width: 706px) 89vw, (max-width: 767px) 82vw, 740px\" \/><\/figure>\n<\/figure>\n\n\n\n<figure class=\"wp-block-gallery has-nested-images columns-default is-cropped wp-block-gallery-2 is-layout-flex wp-block-gallery-is-layout-flex\">\n<figure class=\"wp-block-image size-large\"><img loading=\"lazy\" decoding=\"async\" width=\"720\" height=\"542\" data-id=\"178\" src=\"https:\/\/sitecoquelicot.fr\/wp-content\/uploads\/2023\/10\/gtrfeds.jpg\" alt=\"\" class=\"wp-image-178\" srcset=\"https:\/\/sitecoquelicot.fr\/wp-content\/uploads\/2023\/10\/gtrfeds.jpg 720w, https:\/\/sitecoquelicot.fr\/wp-content\/uploads\/2023\/10\/gtrfeds-300x226.jpg 300w\" sizes=\"auto, (max-width: 720px) 100vw, 720px\" \/><\/figure>\n\n\n\n<figure class=\"wp-block-image size-large\"><img loading=\"lazy\" decoding=\"async\" width=\"768\" height=\"1024\" data-id=\"173\" src=\"https:\/\/sitecoquelicot.fr\/wp-content\/uploads\/2023\/10\/azrtr-768x1024.jpg\" alt=\"\" class=\"wp-image-173\" srcset=\"https:\/\/sitecoquelicot.fr\/wp-content\/uploads\/2023\/10\/azrtr-768x1024.jpg 768w, https:\/\/sitecoquelicot.fr\/wp-content\/uploads\/2023\/10\/azrtr-225x300.jpg 225w, https:\/\/sitecoquelicot.fr\/wp-content\/uploads\/2023\/10\/azrtr-1152x1536.jpg 1152w, https:\/\/sitecoquelicot.fr\/wp-content\/uploads\/2023\/10\/azrtr-1536x2048.jpg 1536w, https:\/\/sitecoquelicot.fr\/wp-content\/uploads\/2023\/10\/azrtr-scaled.jpg 1920w\" sizes=\"auto, (max-width: 706px) 89vw, (max-width: 767px) 82vw, 740px\" \/><\/figure>\n<\/figure>\n\n\n\n<figure class=\"wp-block-gallery has-nested-images columns-default is-cropped wp-block-gallery-3 is-layout-flex wp-block-gallery-is-layout-flex\">\n<figure class=\"wp-block-image size-large\"><img loading=\"lazy\" decoding=\"async\" width=\"1024\" height=\"768\" data-id=\"170\" src=\"https:\/\/sitecoquelicot.fr\/wp-content\/uploads\/2023\/10\/12356ppo-1024x768.jpg\" alt=\"\" class=\"wp-image-170\" srcset=\"https:\/\/sitecoquelicot.fr\/wp-content\/uploads\/2023\/10\/12356ppo-1024x768.jpg 1024w, https:\/\/sitecoquelicot.fr\/wp-content\/uploads\/2023\/10\/12356ppo-300x225.jpg 300w, https:\/\/sitecoquelicot.fr\/wp-content\/uploads\/2023\/10\/12356ppo-768x576.jpg 768w, https:\/\/sitecoquelicot.fr\/wp-content\/uploads\/2023\/10\/12356ppo-1536x1152.jpg 1536w, https:\/\/sitecoquelicot.fr\/wp-content\/uploads\/2023\/10\/12356ppo-2048x1536.jpg 2048w\" sizes=\"auto, (max-width: 706px) 89vw, (max-width: 767px) 82vw, 740px\" \/><\/figure>\n\n\n\n<figure class=\"wp-block-image size-large\"><img loading=\"lazy\" decoding=\"async\" width=\"288\" height=\"162\" data-id=\"168\" src=\"https:\/\/sitecoquelicot.fr\/wp-content\/uploads\/2023\/10\/8742kj.jpg\" alt=\"\" class=\"wp-image-168\"\/><\/figure>\n\n\n\n<figure class=\"wp-block-image size-large\"><img loading=\"lazy\" decoding=\"async\" width=\"1024\" height=\"768\" data-id=\"155\" src=\"https:\/\/sitecoquelicot.fr\/wp-content\/uploads\/2023\/10\/125jhyg-1024x768.jpg\" alt=\"\" class=\"wp-image-155\" srcset=\"https:\/\/sitecoquelicot.fr\/wp-content\/uploads\/2023\/10\/125jhyg-1024x768.jpg 1024w, https:\/\/sitecoquelicot.fr\/wp-content\/uploads\/2023\/10\/125jhyg-300x225.jpg 300w, https:\/\/sitecoquelicot.fr\/wp-content\/uploads\/2023\/10\/125jhyg-768x576.jpg 768w, https:\/\/sitecoquelicot.fr\/wp-content\/uploads\/2023\/10\/125jhyg-1536x1152.jpg 1536w, https:\/\/sitecoquelicot.fr\/wp-content\/uploads\/2023\/10\/125jhyg-2048x1536.jpg 2048w\" sizes=\"auto, (max-width: 706px) 89vw, (max-width: 767px) 82vw, 740px\" \/><\/figure>\n<\/figure>\n\n\n\n<figure class=\"wp-block-gallery has-nested-images columns-default is-cropped wp-block-gallery-4 is-layout-flex wp-block-gallery-is-layout-flex\">\n<figure class=\"wp-block-image size-large\"><img loading=\"lazy\" decoding=\"async\" width=\"576\" height=\"1024\" data-id=\"154\" src=\"https:\/\/sitecoquelicot.fr\/wp-content\/uploads\/2023\/10\/123hyfdresz-576x1024.jpg\" alt=\"\" class=\"wp-image-154\" srcset=\"https:\/\/sitecoquelicot.fr\/wp-content\/uploads\/2023\/10\/123hyfdresz-576x1024.jpg 576w, https:\/\/sitecoquelicot.fr\/wp-content\/uploads\/2023\/10\/123hyfdresz-169x300.jpg 169w, https:\/\/sitecoquelicot.fr\/wp-content\/uploads\/2023\/10\/123hyfdresz.jpg 621w\" sizes=\"auto, (max-width: 576px) 100vw, 576px\" \/><\/figure>\n\n\n\n<figure class=\"wp-block-image size-full\"><img loading=\"lazy\" decoding=\"async\" width=\"768\" height=\"1024\" data-id=\"182\" src=\"http:\/\/sitecoquelicot.fr\/wp-content\/uploads\/2023\/10\/huihui.jpg\" alt=\"\" class=\"wp-image-182\" srcset=\"https:\/\/sitecoquelicot.fr\/wp-content\/uploads\/2023\/10\/huihui.jpg 768w, https:\/\/sitecoquelicot.fr\/wp-content\/uploads\/2023\/10\/huihui-225x300.jpg 225w\" sizes=\"auto, (max-width: 706px) 89vw, (max-width: 767px) 82vw, 740px\" \/><\/figure>\n\n\n\n<figure class=\"wp-block-image size-large\"><img loading=\"lazy\" decoding=\"async\" width=\"768\" height=\"1024\" data-id=\"179\" src=\"https:\/\/sitecoquelicot.fr\/wp-content\/uploads\/2023\/10\/hbyi.jpg\" alt=\"\" class=\"wp-image-179\" srcset=\"https:\/\/sitecoquelicot.fr\/wp-content\/uploads\/2023\/10\/hbyi.jpg 768w, https:\/\/sitecoquelicot.fr\/wp-content\/uploads\/2023\/10\/hbyi-225x300.jpg 225w\" sizes=\"auto, (max-width: 706px) 89vw, (max-width: 767px) 82vw, 740px\" \/><\/figure>\n<\/figure>\n\n\n\n<p>Grande cuisine enti\u00e8rement \u00e9quip\u00e9e attenante \u00e0 la salle de r\u00e9ception (appareils de cuisson, lave-vaisselle professionel, plancha, friteuse, machine \u00e0 caf\u00e9, vaisselle&#8230;)<\/p>\n\n\n\n<figure class=\"wp-block-gallery has-nested-images columns-default is-cropped wp-block-gallery-5 is-layout-flex wp-block-gallery-is-layout-flex\">\n<figure class=\"wp-block-image size-large\"><img loading=\"lazy\" decoding=\"async\" width=\"873\" height=\"879\" data-id=\"142\" src=\"https:\/\/sitecoquelicot.fr\/wp-content\/uploads\/2023\/10\/image-11.png\" alt=\"\" class=\"wp-image-142\" srcset=\"https:\/\/sitecoquelicot.fr\/wp-content\/uploads\/2023\/10\/image-11.png 873w, https:\/\/sitecoquelicot.fr\/wp-content\/uploads\/2023\/10\/image-11-298x300.png 298w, https:\/\/sitecoquelicot.fr\/wp-content\/uploads\/2023\/10\/image-11-150x150.png 150w, https:\/\/sitecoquelicot.fr\/wp-content\/uploads\/2023\/10\/image-11-768x773.png 768w, https:\/\/sitecoquelicot.fr\/wp-content\/uploads\/2023\/10\/image-11-100x100.png 100w\" sizes=\"auto, (max-width: 706px) 89vw, (max-width: 767px) 82vw, 740px\" \/><\/figure>\n\n\n\n<figure class=\"wp-block-image size-large\"><img loading=\"lazy\" decoding=\"async\" width=\"880\" height=\"878\" data-id=\"143\" src=\"https:\/\/sitecoquelicot.fr\/wp-content\/uploads\/2023\/10\/image-12.png\" alt=\"\" class=\"wp-image-143\" srcset=\"https:\/\/sitecoquelicot.fr\/wp-content\/uploads\/2023\/10\/image-12.png 880w, https:\/\/sitecoquelicot.fr\/wp-content\/uploads\/2023\/10\/image-12-300x300.png 300w, https:\/\/sitecoquelicot.fr\/wp-content\/uploads\/2023\/10\/image-12-150x150.png 150w, https:\/\/sitecoquelicot.fr\/wp-content\/uploads\/2023\/10\/image-12-768x766.png 768w, https:\/\/sitecoquelicot.fr\/wp-content\/uploads\/2023\/10\/image-12-100x100.png 100w\" sizes=\"auto, (max-width: 706px) 89vw, (max-width: 767px) 82vw, 740px\" \/><\/figure>\n<\/figure>\n","protected":false},"excerpt":{"rendered":"<p>Infos &amp; r\u00e9servations : 06 61 10 61 79 ou 06 50 29 87 75 ou sallecoquelicot25@gmail.com Grande cuisine enti\u00e8rement \u00e9quip\u00e9e attenante \u00e0 la salle de r\u00e9ception (appareils de cuisson, lave-vaisselle professionel, plancha, friteuse, machine \u00e0 caf\u00e9, vaisselle&#8230;)<\/p>\n","protected":false},"author":1,"featured_media":0,"parent":0,"menu_order":0,"comment_status":"closed","ping_status":"closed","template":"","meta":{"footnotes":""},"class_list":["post-12","page","type-page","status-publish","hentry"],"_links":{"self":[{"href":"https:\/\/sitecoquelicot.fr\/index.php\/wp-json\/wp\/v2\/pages\/12","targetHints":{"allow":["GET"]}}],"collection":[{"href":"https:\/\/sitecoquelicot.fr\/index.php\/wp-json\/wp\/v2\/pages"}],"about":[{"href":"https:\/\/sitecoquelicot.fr\/index.php\/wp-json\/wp\/v2\/types\/page"}],"author":[{"embeddable":true,"href":"https:\/\/sitecoquelicot.fr\/index.php\/wp-json\/wp\/v2\/users\/1"}],"replies":[{"embeddable":true,"href":"https:\/\/sitecoquelicot.fr\/index.php\/wp-json\/wp\/v2\/comments?post=12"}],"version-history":[{"count":13,"href":"https:\/\/sitecoquelicot.fr\/index.php\/wp-json\/wp\/v2\/pages\/12\/revisions"}],"predecessor-version":[{"id":348,"href":"https:\/\/sitecoquelicot.fr\/index.php\/wp-json\/wp\/v2\/pages\/12\/revisions\/348"}],"wp:attachment":[{"href":"https:\/\/sitecoquelicot.fr\/index.php\/wp-json\/wp\/v2\/media?parent=12"}],"curies":[{"name":"wp","href":"https:\/\/api.w.org\/{rel}","templated":true}]}}