{"id":76,"date":"2023-10-05T14:33:08","date_gmt":"2023-10-05T12:33:08","guid":{"rendered":"https:\/\/sitecoquelicot.fr\/?page_id=76"},"modified":"2025-09-30T11:50:18","modified_gmt":"2025-09-30T09:50:18","slug":"partenaires","status":"publish","type":"page","link":"https:\/\/sitecoquelicot.fr\/index.php\/partenaires\/","title":{"rendered":"Partenaires"},"content":{"rendered":"\n<h2 class=\"wp-block-heading\"><a href=\"https:\/\/latelier-beaute-par-eugenie.business.site\/\" target=\"_blank\" rel=\"noreferrer noopener\">L&#8217;atelier beaut\u00e9 par Eug\u00e9nie <\/a><\/h2>\n\n\n\n<h2 class=\"wp-block-heading\"><a rel=\"noreferrer noopener\" href=\"https:\/\/aurelie-labbe.fr\/\" target=\"_blank\">Aur\u00e9lie LABBE &#8211; Psychologue<\/a><\/h2>\n\n\n\n<h2 class=\"wp-block-heading has-black-color has-text-color\"><a href=\"https:\/\/www.slghypno.fr\/\">Sorya LIM-GONZALES &#8211; HYPNOTHERAPEUTE MASSOTHERAPEUTE<\/a><\/h2>\n\n\n\n<h2 class=\"wp-block-heading has-black-color has-text-color\"><a href=\"http:\/\/www.tentation-danse.com\/\" target=\"_blank\" rel=\"noreferrer noopener\">Tentation Danse <\/a><\/h2>\n\n\n\n<h2 class=\"wp-block-heading\" id=\"ville-d-audincourt\"><a rel=\"noreferrer noopener\" href=\"https:\/\/www.audincourt.fr\/\" target=\"_blank\">Ville d&#8217;Audincourt<\/a><\/h2>\n\n\n\n<h2 class=\"wp-block-heading\" id=\"ab-coaching\"><a href=\"https:\/\/www.facebook.com\/ABCoachingPerso\" target=\"_blank\" rel=\"noreferrer noopener\">AB Coaching<\/a><\/h2>\n\n\n\n<h2 class=\"wp-block-heading\" id=\"ewigo-besancon\"><a href=\"https:\/\/www.ewigo.com\/ewigo-besancon\">Ewigo Besancon<\/a><\/h2>\n\n\n\n<h2 class=\"wp-block-heading\"><a href=\"https:\/\/www.valentigney.fr\/\" data-type=\"URL\" data-id=\"https:\/\/www.valentigney.fr\/\" target=\"_blank\" rel=\"noreferrer noopener\">Ville de Valentigney<\/a><\/h2>\n\n\n\n<p><\/p>\n","protected":false},"excerpt":{"rendered":"<p>L&#8217;atelier beaut\u00e9 par Eug\u00e9nie Aur\u00e9lie LABBE &#8211; Psychologue Sorya LIM-GONZALES &#8211; HYPNOTHERAPEUTE MASSOTHERAPEUTE Tentation Danse Ville d&#8217;Audincourt AB Coaching Ewigo Besancon Ville de Valentigney<\/p>\n","protected":false},"author":1,"featured_media":0,"parent":0,"menu_order":0,"comment_status":"closed","ping_status":"closed","template":"","meta":{"footnotes":""},"class_list":["post-76","page","type-page","status-publish","hentry"],"_links":{"self":[{"href":"https:\/\/sitecoquelicot.fr\/index.php\/wp-json\/wp\/v2\/pages\/76","targetHints":{"allow":["GET"]}}],"collection":[{"href":"https:\/\/sitecoquelicot.fr\/index.php\/wp-json\/wp\/v2\/pages"}],"about":[{"href":"https:\/\/sitecoquelicot.fr\/index.php\/wp-json\/wp\/v2\/types\/page"}],"author":[{"embeddable":true,"href":"https:\/\/sitecoquelicot.fr\/index.php\/wp-json\/wp\/v2\/users\/1"}],"replies":[{"embeddable":true,"href":"https:\/\/sitecoquelicot.fr\/index.php\/wp-json\/wp\/v2\/comments?post=76"}],"version-history":[{"count":8,"href":"https:\/\/sitecoquelicot.fr\/index.php\/wp-json\/wp\/v2\/pages\/76\/revisions"}],"predecessor-version":[{"id":342,"href":"https:\/\/sitecoquelicot.fr\/index.php\/wp-json\/wp\/v2\/pages\/76\/revisions\/342"}],"wp:attachment":[{"href":"https:\/\/sitecoquelicot.fr\/index.php\/wp-json\/wp\/v2\/media?parent=76"}],"curies":[{"name":"wp","href":"https:\/\/api.w.org\/{rel}","templated":true}]}}